{"id":7946,"date":"2025-05-25T15:54:15","date_gmt":"2025-05-25T13:54:15","guid":{"rendered":"https:\/\/next-door.pl\/a-propos-de-nous\/"},"modified":"2025-06-14T23:28:09","modified_gmt":"2025-06-14T21:28:09","slug":"a-propos-de-nous","status":"publish","type":"page","link":"https:\/\/next-door.pl\/fr\/a-propos-de-nous\/","title":{"rendered":"\u00e0 propos de nous"},"content":{"rendered":"\t\t<div data-elementor-type=\"wp-post\" data-elementor-id=\"7946\" class=\"elementor elementor-7946 elementor-96\" data-elementor-post-type=\"page\">\n\t\t\t\t<div class=\"elementor-element elementor-element-dfdc5a6 e-flex e-con-boxed e-con e-parent\" data-id=\"dfdc5a6\" data-element_type=\"container\" data-settings=\"{&quot;background_background&quot;:&quot;classic&quot;,&quot;shape_divider_bottom&quot;:&quot;arrow&quot;}\">\n\t\t\t\t\t<div class=\"e-con-inner\">\n\t\t\t\t<div class=\"elementor-shape elementor-shape-bottom\" aria-hidden=\"true\" data-negative=\"false\">\n\t\t\t<svg xmlns=\"http:\/\/www.w3.org\/2000\/svg\" viewBox=\"0 0 700 10\" preserveAspectRatio=\"none\">\n\t<path class=\"elementor-shape-fill\" d=\"M350,10L340,0h20L350,10z\"\/>\n<\/svg>\t\t<\/div>\n\t\t<div class=\"elementor-element elementor-element-1eaf493 e-con-full e-flex e-con e-child\" data-id=\"1eaf493\" data-element_type=\"container\">\n\t\t\t\t<div class=\"elementor-element elementor-element-2ea6a7d elementor-invisible elementor-widget elementor-widget-heading\" data-id=\"2ea6a7d\" data-element_type=\"widget\" data-settings=\"{&quot;_animation&quot;:&quot;fadeInUp&quot;}\" data-widget_type=\"heading.default\">\n\t\t\t\t<div class=\"elementor-widget-container\">\n\t\t\t\t\t<h1 class=\"elementor-heading-title elementor-size-default\">\u00c0 PROPOS DE NOUS<\/h1>\t\t\t\t<\/div>\n\t\t\t\t<\/div>\n\t\t\t\t<div class=\"elementor-element elementor-element-9c719de elementor-widget-divider--view-line elementor-invisible elementor-widget elementor-widget-divider\" data-id=\"9c719de\" data-element_type=\"widget\" data-settings=\"{&quot;_animation&quot;:&quot;zoomIn&quot;}\" data-widget_type=\"divider.default\">\n\t\t\t\t<div class=\"elementor-widget-container\">\n\t\t\t\t\t\t\t<div class=\"elementor-divider\">\n\t\t\t<span class=\"elementor-divider-separator\">\n\t\t\t\t\t\t<\/span>\n\t\t<\/div>\n\t\t\t\t\t\t<\/div>\n\t\t\t\t<\/div>\n\t\t\t\t<div class=\"elementor-element elementor-element-4f8851a elementor-invisible elementor-widget elementor-widget-text-editor\" data-id=\"4f8851a\" data-element_type=\"widget\" data-settings=\"{&quot;_animation&quot;:&quot;fadeInUp&quot;}\" data-widget_type=\"text-editor.default\">\n\t\t\t\t<div class=\"elementor-widget-container\">\n\t\t\t\t\t\t\t\t\t<div class=\"content\"><p><strong>Cr\u00e9ons ensemble une communaut\u00e9 unique.<\/strong><\/p><\/div>\t\t\t\t\t\t\t\t<\/div>\n\t\t\t\t<\/div>\n\t\t\t\t<\/div>\n\t\t\t\t\t<\/div>\n\t\t\t\t<\/div>\n\t\t<div class=\"elementor-element elementor-element-748980c e-flex e-con-boxed e-con e-parent\" data-id=\"748980c\" data-element_type=\"container\" data-settings=\"{&quot;background_background&quot;:&quot;classic&quot;}\">\n\t\t\t\t\t<div class=\"e-con-inner\">\n\t\t<div class=\"elementor-element elementor-element-9945606 e-con-full e-flex elementor-invisible e-con e-child\" data-id=\"9945606\" data-element_type=\"container\" data-settings=\"{&quot;animation&quot;:&quot;fadeInUp&quot;}\">\n\t\t\t\t<div class=\"elementor-element elementor-element-2c7a0f8 elementor-widget elementor-widget-image-box\" data-id=\"2c7a0f8\" data-element_type=\"widget\" data-widget_type=\"image-box.default\">\n\t\t\t\t<div class=\"elementor-widget-container\">\n\t\t\t\t\t<div class=\"elementor-image-box-wrapper\"><div class=\"elementor-image-box-content\"><h2 class=\"elementor-image-box-title\">qui sommes nous?<\/h2><p class=\"elementor-image-box-description\">Le Groupe R\u00e9side \u00c9tudes n'est pas une simple soci\u00e9t\u00e9 de logement \u00e9tudiant. C'est une institution qui vise \u00e0 offrir aux \u00e9tudiants non seulement un logement, mais aussi un environnement propice \u00e0 leur d\u00e9veloppement personnel et acad\u00e9mique. <\/p><\/div><\/div>\t\t\t\t<\/div>\n\t\t\t\t<\/div>\n\t\t\t\t<div class=\"elementor-element elementor-element-201f6af elementor-widget elementor-widget-text-editor\" data-id=\"201f6af\" data-element_type=\"widget\" data-widget_type=\"text-editor.default\">\n\t\t\t\t<div class=\"elementor-widget-container\">\n\t\t\t\t\t\t\t\t\t<p>En tant que Groupe R\u00e9side \u00c9tudes, nous sommes guid\u00e9s par des valeurs essentielles pour nos r\u00e9sidents&nbsp;: satisfaction, efficacit\u00e9, s\u00e9curit\u00e9, \u00e9co-d\u00e9veloppement, diversit\u00e9 et qualit\u00e9. Ce sont ces valeurs qui font de nos r\u00e9sidences non seulement un lieu de vie, mais aussi une communaut\u00e9 o\u00f9 chaque \u00e9tudiant se sent appr\u00e9ci\u00e9 et soutenu par notre \u00e9quipe. <\/p>\t\t\t\t\t\t\t\t<\/div>\n\t\t\t\t<\/div>\n\t\t\t\t<div class=\"elementor-element elementor-element-99154a6 elementor-widget elementor-widget-text-editor\" data-id=\"99154a6\" data-element_type=\"widget\" data-widget_type=\"text-editor.default\">\n\t\t\t\t<div class=\"elementor-widget-container\">\n\t\t\t\t\t\t\t\t\t<p>En tant que Groupe R\u00e9side \u00c9tudes, nous sommes guid\u00e9s par des valeurs essentielles pour nos r\u00e9sidents&nbsp;: satisfaction, efficacit\u00e9, s\u00e9curit\u00e9, \u00e9co-d\u00e9veloppement, diversit\u00e9 et qualit\u00e9. Ce sont ces valeurs qui font de nos r\u00e9sidences non seulement un lieu de vie, mais aussi une communaut\u00e9 o\u00f9 chaque \u00e9tudiant se sent appr\u00e9ci\u00e9 et soutenu par notre \u00e9quipe. <\/p>\t\t\t\t\t\t\t\t<\/div>\n\t\t\t\t<\/div>\n\t\t\t\t<div class=\"elementor-element elementor-element-23a6b67 elementor-widget elementor-widget-text-editor\" data-id=\"23a6b67\" data-element_type=\"widget\" data-widget_type=\"text-editor.default\">\n\t\t\t\t<div class=\"elementor-widget-container\">\n\t\t\t\t\t\t\t\t\t<p>En rejoignant le Groupe R\u00e9side \u00c9tudes, vous int\u00e9grez bien plus qu&rsquo;une simple r\u00e9sidence \u00e9tudiante. Vous int\u00e9grez une communaut\u00e9 dynamique de jeunes qui travaillent ensemble pour r\u00e9aliser leurs objectifs et leurs r\u00eaves. <\/p>\t\t\t\t\t\t\t\t<\/div>\n\t\t\t\t<\/div>\n\t\t\t\t<\/div>\n\t\t<div class=\"elementor-element elementor-element-f499284 e-con-full e-flex e-con e-child\" data-id=\"f499284\" data-element_type=\"container\">\n\t\t\t\t<div class=\"elementor-element elementor-element-12d7e03 elementor-widget elementor-widget-image\" data-id=\"12d7e03\" data-element_type=\"widget\" data-widget_type=\"image.default\">\n\t\t\t\t<div class=\"elementor-widget-container\">\n\t\t\t\t\t\t\t\t\t\t\t\t\t\t\t<img fetchpriority=\"high\" decoding=\"async\" width=\"870\" height=\"877\" src=\"https:\/\/next-door.pl\/wp-content\/uploads\/2025\/05\/akademik_budynek.jpg\" class=\"attachment-large size-large wp-image-7039\" alt=\"\" srcset=\"https:\/\/next-door.pl\/wp-content\/uploads\/2025\/05\/akademik_budynek.jpg 870w, https:\/\/next-door.pl\/wp-content\/uploads\/2025\/05\/akademik_budynek-298x300.jpg 298w, https:\/\/next-door.pl\/wp-content\/uploads\/2025\/05\/akademik_budynek-150x150.jpg 150w, https:\/\/next-door.pl\/wp-content\/uploads\/2025\/05\/akademik_budynek-768x774.jpg 768w, https:\/\/next-door.pl\/wp-content\/uploads\/2025\/05\/akademik_budynek-600x605.jpg 600w, https:\/\/next-door.pl\/wp-content\/uploads\/2025\/05\/akademik_budynek-100x100.jpg 100w\" sizes=\"(max-width: 870px) 100vw, 870px\" \/>\t\t\t\t\t\t\t\t\t\t\t\t\t\t\t<\/div>\n\t\t\t\t<\/div>\n\t\t\t\t<\/div>\n\t\t\t\t\t<\/div>\n\t\t\t\t<\/div>\n\t\t<div class=\"elementor-element elementor-element-0e539a2 e-flex e-con-boxed elementor-invisible e-con e-parent\" data-id=\"0e539a2\" data-element_type=\"container\" data-settings=\"{&quot;background_background&quot;:&quot;classic&quot;,&quot;animation&quot;:&quot;fadeInUp&quot;}\">\n\t\t\t\t\t<div class=\"e-con-inner\">\n\t\t\t\t<div class=\"elementor-element elementor-element-5a24118 elementor-widget elementor-widget-heading\" data-id=\"5a24118\" data-element_type=\"widget\" data-widget_type=\"heading.default\">\n\t\t\t\t<div class=\"elementor-widget-container\">\n\t\t\t\t\t<h2 class=\"elementor-heading-title elementor-size-default\">Nous sommes \u00e0 votre disposition !<\/h2>\t\t\t\t<\/div>\n\t\t\t\t<\/div>\n\t\t\t\t<div class=\"elementor-element elementor-element-7e1d08b elementor-widget elementor-widget-text-editor\" data-id=\"7e1d08b\" data-element_type=\"widget\" data-widget_type=\"text-editor.default\">\n\t\t\t\t<div class=\"elementor-widget-container\">\n\t\t\t\t\t\t\t\t\t<p>Chez Next Door, la r\u00e9ception est bien plus qu&rsquo;un simple lieu. Vous y trouverez de l&rsquo;aide pour vos d\u00e9marches \u00e9tudiantes, la location d&rsquo;un appartement ou votre trajet vers votre universit\u00e9. Notre \u00e9quipe se fera un plaisir de vous aider \u00e0 vous rep\u00e9rer dans notre r\u00e9sidence.  <\/p>\t\t\t\t\t\t\t\t<\/div>\n\t\t\t\t<\/div>\n\t\t\t\t<div class=\"elementor-element elementor-element-4590e7e elementor-widget elementor-widget-heading\" data-id=\"4590e7e\" data-element_type=\"widget\" data-widget_type=\"heading.default\">\n\t\t\t\t<div class=\"elementor-widget-container\">\n\t\t\t\t\t<h2 class=\"elementor-heading-title elementor-size-default\">Cr\u00e9ons ensemble une communaut\u00e9 unique.\n\n<\/h2>\t\t\t\t<\/div>\n\t\t\t\t<\/div>\n\t\t\t\t\t<\/div>\n\t\t\t\t<\/div>\n\t\t\t\t<\/div>\n\t\t","protected":false},"excerpt":{"rendered":"<p>\u00c0 PROPOS DE NOUS Cr\u00e9ons ensemble une communaut\u00e9 unique. qui sommes nous? Le Groupe R\u00e9side \u00c9tudes n&rsquo;est pas une simple [&hellip;]<\/p>\n","protected":false},"author":1,"featured_media":0,"parent":0,"menu_order":0,"comment_status":"closed","ping_status":"closed","template":"","meta":{"site-sidebar-layout":"no-sidebar","site-content-layout":"page-builder","ast-site-content-layout":"full-width-container","site-content-style":"unboxed","site-sidebar-style":"unboxed","ast-global-header-display":"","ast-banner-title-visibility":"","ast-main-header-display":"","ast-hfb-above-header-display":"","ast-hfb-below-header-display":"","ast-hfb-mobile-header-display":"","site-post-title":"disabled","ast-breadcrumbs-content":"","ast-featured-img":"disabled","footer-sml-layout":"","theme-transparent-header-meta":"enabled","adv-header-id-meta":"","stick-header-meta":"","header-above-stick-meta":"","header-main-stick-meta":"","header-below-stick-meta":"","astra-migrate-meta-layouts":"default","ast-page-background-enabled":"default","ast-page-background-meta":{"desktop":{"background-color":"","background-image":"","background-repeat":"repeat","background-position":"center center","background-size":"auto","background-attachment":"scroll","background-type":"","background-media":"","overlay-type":"","overlay-color":"","overlay-opacity":"","overlay-gradient":""},"tablet":{"background-color":"","background-image":"","background-repeat":"repeat","background-position":"center center","background-size":"auto","background-attachment":"scroll","background-type":"","background-media":"","overlay-type":"","overlay-color":"","overlay-opacity":"","overlay-gradient":""},"mobile":{"background-color":"","background-image":"","background-repeat":"repeat","background-position":"center center","background-size":"auto","background-attachment":"scroll","background-type":"","background-media":"","overlay-type":"","overlay-color":"","overlay-opacity":"","overlay-gradient":""}},"ast-content-background-meta":{"desktop":{"background-color":"var(--ast-global-color-5)","background-image":"","background-repeat":"repeat","background-position":"center center","background-size":"auto","background-attachment":"scroll","background-type":"","background-media":"","overlay-type":"","overlay-color":"","overlay-opacity":"","overlay-gradient":""},"tablet":{"background-color":"var(--ast-global-color-5)","background-image":"","background-repeat":"repeat","background-position":"center center","background-size":"auto","background-attachment":"scroll","background-type":"","background-media":"","overlay-type":"","overlay-color":"","overlay-opacity":"","overlay-gradient":""},"mobile":{"background-color":"var(--ast-global-color-5)","background-image":"","background-repeat":"repeat","background-position":"center center","background-size":"auto","background-attachment":"scroll","background-type":"","background-media":"","overlay-type":"","overlay-color":"","overlay-opacity":"","overlay-gradient":""}},"footnotes":""},"class_list":["post-7946","page","type-page","status-publish","hentry"],"yoast_head":"<!-- This site is optimized with the Yoast SEO plugin v25.2 - https:\/\/yoast.com\/wordpress\/plugins\/seo\/ -->\n<title>\u00e0 propos de nous - Next Door<\/title>\n<meta name=\"robots\" content=\"noindex, follow, max-snippet:-1, max-image-preview:large, max-video-preview:-1\" \/>\n<meta property=\"og:locale\" content=\"fr_FR\" \/>\n<meta property=\"og:type\" content=\"article\" \/>\n<meta property=\"og:title\" content=\"\u00e0 propos de nous - Next Door\" \/>\n<meta property=\"og:description\" content=\"\u00c0 PROPOS DE NOUS Cr\u00e9ons ensemble une communaut\u00e9 unique. qui sommes nous? Le Groupe R\u00e9side \u00c9tudes n&rsquo;est pas une simple [&hellip;]\" \/>\n<meta property=\"og:url\" content=\"https:\/\/next-door.pl\/fr\/a-propos-de-nous\/\" \/>\n<meta property=\"og:site_name\" content=\"Next Door\" \/>\n<meta property=\"article:modified_time\" content=\"2025-06-14T21:28:09+00:00\" \/>\n<meta property=\"og:image\" content=\"https:\/\/next-door.pl\/wp-content\/uploads\/2025\/05\/akademik_budynek.jpg\" \/>\n\t<meta property=\"og:image:width\" content=\"870\" \/>\n\t<meta property=\"og:image:height\" content=\"877\" \/>\n\t<meta property=\"og:image:type\" content=\"image\/jpeg\" \/>\n<meta name=\"twitter:card\" content=\"summary_large_image\" \/>\n<meta name=\"twitter:label1\" content=\"Dur\u00e9e de lecture estim\u00e9e\" \/>\n\t<meta name=\"twitter:data1\" content=\"1 minute\" \/>\n<script type=\"application\/ld+json\" class=\"yoast-schema-graph\">{\"@context\":\"https:\/\/schema.org\",\"@graph\":[{\"@type\":\"WebPage\",\"@id\":\"https:\/\/next-door.pl\/fr\/a-propos-de-nous\/\",\"url\":\"https:\/\/next-door.pl\/fr\/a-propos-de-nous\/\",\"name\":\"\u00e0 propos de nous - Next Door\",\"isPartOf\":{\"@id\":\"https:\/\/next-door.pl\/#website\"},\"primaryImageOfPage\":{\"@id\":\"https:\/\/next-door.pl\/fr\/a-propos-de-nous\/#primaryimage\"},\"image\":{\"@id\":\"https:\/\/next-door.pl\/fr\/a-propos-de-nous\/#primaryimage\"},\"thumbnailUrl\":\"https:\/\/next-door.pl\/wp-content\/uploads\/2025\/05\/akademik_budynek.jpg\",\"datePublished\":\"2025-05-25T13:54:15+00:00\",\"dateModified\":\"2025-06-14T21:28:09+00:00\",\"breadcrumb\":{\"@id\":\"https:\/\/next-door.pl\/fr\/a-propos-de-nous\/#breadcrumb\"},\"inLanguage\":\"fr-FR\",\"potentialAction\":[{\"@type\":\"ReadAction\",\"target\":[\"https:\/\/next-door.pl\/fr\/a-propos-de-nous\/\"]}]},{\"@type\":\"ImageObject\",\"inLanguage\":\"fr-FR\",\"@id\":\"https:\/\/next-door.pl\/fr\/a-propos-de-nous\/#primaryimage\",\"url\":\"https:\/\/next-door.pl\/wp-content\/uploads\/2025\/05\/akademik_budynek.jpg\",\"contentUrl\":\"https:\/\/next-door.pl\/wp-content\/uploads\/2025\/05\/akademik_budynek.jpg\"},{\"@type\":\"BreadcrumbList\",\"@id\":\"https:\/\/next-door.pl\/fr\/a-propos-de-nous\/#breadcrumb\",\"itemListElement\":[{\"@type\":\"ListItem\",\"position\":1,\"name\":\"Strona g\u0142\u00f3wna\",\"item\":\"https:\/\/next-door.pl\/fr\/maison\/\"},{\"@type\":\"ListItem\",\"position\":2,\"name\":\"\u00e0 propos de nous\"}]},{\"@type\":\"WebSite\",\"@id\":\"https:\/\/next-door.pl\/#website\",\"url\":\"https:\/\/next-door.pl\/\",\"name\":\"Next Door\",\"description\":\"Student Housing\",\"publisher\":{\"@id\":\"https:\/\/next-door.pl\/#organization\"},\"potentialAction\":[{\"@type\":\"SearchAction\",\"target\":{\"@type\":\"EntryPoint\",\"urlTemplate\":\"https:\/\/next-door.pl\/?s={search_term_string}\"},\"query-input\":{\"@type\":\"PropertyValueSpecification\",\"valueRequired\":true,\"valueName\":\"search_term_string\"}}],\"inLanguage\":\"fr-FR\"},{\"@type\":\"Organization\",\"@id\":\"https:\/\/next-door.pl\/#organization\",\"name\":\"Next Door\",\"url\":\"https:\/\/next-door.pl\/\",\"logo\":{\"@type\":\"ImageObject\",\"inLanguage\":\"fr-FR\",\"@id\":\"https:\/\/next-door.pl\/#\/schema\/logo\/image\/\",\"url\":\"https:\/\/next-door.pl\/wp-content\/uploads\/2025\/06\/cropped-nextDoor_fv.png\",\"contentUrl\":\"https:\/\/next-door.pl\/wp-content\/uploads\/2025\/06\/cropped-nextDoor_fv.png\",\"width\":511,\"height\":171,\"caption\":\"Next Door\"},\"image\":{\"@id\":\"https:\/\/next-door.pl\/#\/schema\/logo\/image\/\"}}]}<\/script>\n<!-- \/ Yoast SEO plugin. -->","yoast_head_json":{"title":"\u00e0 propos de nous - Next Door","robots":{"index":"noindex","follow":"follow","max-snippet":"max-snippet:-1","max-image-preview":"max-image-preview:large","max-video-preview":"max-video-preview:-1"},"og_locale":"fr_FR","og_type":"article","og_title":"\u00e0 propos de nous - Next Door","og_description":"\u00c0 PROPOS DE NOUS Cr\u00e9ons ensemble une communaut\u00e9 unique. qui sommes nous? Le Groupe R\u00e9side \u00c9tudes n&rsquo;est pas une simple [&hellip;]","og_url":"https:\/\/next-door.pl\/fr\/a-propos-de-nous\/","og_site_name":"Next Door","article_modified_time":"2025-06-14T21:28:09+00:00","og_image":[{"width":870,"height":877,"url":"https:\/\/next-door.pl\/wp-content\/uploads\/2025\/05\/akademik_budynek.jpg","type":"image\/jpeg"}],"twitter_card":"summary_large_image","twitter_misc":{"Dur\u00e9e de lecture estim\u00e9e":"1 minute"},"schema":{"@context":"https:\/\/schema.org","@graph":[{"@type":"WebPage","@id":"https:\/\/next-door.pl\/fr\/a-propos-de-nous\/","url":"https:\/\/next-door.pl\/fr\/a-propos-de-nous\/","name":"\u00e0 propos de nous - Next Door","isPartOf":{"@id":"https:\/\/next-door.pl\/#website"},"primaryImageOfPage":{"@id":"https:\/\/next-door.pl\/fr\/a-propos-de-nous\/#primaryimage"},"image":{"@id":"https:\/\/next-door.pl\/fr\/a-propos-de-nous\/#primaryimage"},"thumbnailUrl":"https:\/\/next-door.pl\/wp-content\/uploads\/2025\/05\/akademik_budynek.jpg","datePublished":"2025-05-25T13:54:15+00:00","dateModified":"2025-06-14T21:28:09+00:00","breadcrumb":{"@id":"https:\/\/next-door.pl\/fr\/a-propos-de-nous\/#breadcrumb"},"inLanguage":"fr-FR","potentialAction":[{"@type":"ReadAction","target":["https:\/\/next-door.pl\/fr\/a-propos-de-nous\/"]}]},{"@type":"ImageObject","inLanguage":"fr-FR","@id":"https:\/\/next-door.pl\/fr\/a-propos-de-nous\/#primaryimage","url":"https:\/\/next-door.pl\/wp-content\/uploads\/2025\/05\/akademik_budynek.jpg","contentUrl":"https:\/\/next-door.pl\/wp-content\/uploads\/2025\/05\/akademik_budynek.jpg"},{"@type":"BreadcrumbList","@id":"https:\/\/next-door.pl\/fr\/a-propos-de-nous\/#breadcrumb","itemListElement":[{"@type":"ListItem","position":1,"name":"Strona g\u0142\u00f3wna","item":"https:\/\/next-door.pl\/fr\/maison\/"},{"@type":"ListItem","position":2,"name":"\u00e0 propos de nous"}]},{"@type":"WebSite","@id":"https:\/\/next-door.pl\/#website","url":"https:\/\/next-door.pl\/","name":"Next Door","description":"Student Housing","publisher":{"@id":"https:\/\/next-door.pl\/#organization"},"potentialAction":[{"@type":"SearchAction","target":{"@type":"EntryPoint","urlTemplate":"https:\/\/next-door.pl\/?s={search_term_string}"},"query-input":{"@type":"PropertyValueSpecification","valueRequired":true,"valueName":"search_term_string"}}],"inLanguage":"fr-FR"},{"@type":"Organization","@id":"https:\/\/next-door.pl\/#organization","name":"Next Door","url":"https:\/\/next-door.pl\/","logo":{"@type":"ImageObject","inLanguage":"fr-FR","@id":"https:\/\/next-door.pl\/#\/schema\/logo\/image\/","url":"https:\/\/next-door.pl\/wp-content\/uploads\/2025\/06\/cropped-nextDoor_fv.png","contentUrl":"https:\/\/next-door.pl\/wp-content\/uploads\/2025\/06\/cropped-nextDoor_fv.png","width":511,"height":171,"caption":"Next Door"},"image":{"@id":"https:\/\/next-door.pl\/#\/schema\/logo\/image\/"}}]}},"_links":{"self":[{"href":"https:\/\/next-door.pl\/fr\/wp-json\/wp\/v2\/pages\/7946","targetHints":{"allow":["GET"]}}],"collection":[{"href":"https:\/\/next-door.pl\/fr\/wp-json\/wp\/v2\/pages"}],"about":[{"href":"https:\/\/next-door.pl\/fr\/wp-json\/wp\/v2\/types\/page"}],"author":[{"embeddable":true,"href":"https:\/\/next-door.pl\/fr\/wp-json\/wp\/v2\/users\/1"}],"replies":[{"embeddable":true,"href":"https:\/\/next-door.pl\/fr\/wp-json\/wp\/v2\/comments?post=7946"}],"version-history":[{"count":2,"href":"https:\/\/next-door.pl\/fr\/wp-json\/wp\/v2\/pages\/7946\/revisions"}],"predecessor-version":[{"id":8552,"href":"https:\/\/next-door.pl\/fr\/wp-json\/wp\/v2\/pages\/7946\/revisions\/8552"}],"wp:attachment":[{"href":"https:\/\/next-door.pl\/fr\/wp-json\/wp\/v2\/media?parent=7946"}],"curies":[{"name":"wp","href":"https:\/\/api.w.org\/{rel}","templated":true}]}}