{"id":8188,"date":"2025-06-09T18:01:12","date_gmt":"2025-06-09T16:01:12","guid":{"rendered":"https:\/\/next-door.pl\/produkt\/studio-pour-couples-5-9-mois\/"},"modified":"2025-06-09T18:01:12","modified_gmt":"2025-06-09T16:01:12","slug":"studio-pour-couples-5-9-mois","status":"publish","type":"product","link":"https:\/\/next-door.pl\/fr\/produkt\/studio-pour-couples-5-9-mois\/","title":{"rendered":"Studio pour couples 5-9 mois"},"content":{"rendered":"<p>\u00c9tudier en couple est une exp\u00e9rience unique qui n\u00e9cessite un logement adapt\u00e9. Notre studio pour couples est un espace de 21 m\u00b2 soigneusement con\u00e7u, alliant fonctionnalit\u00e9 et confort, cr\u00e9ant des conditions id\u00e9ales pour la vie quotidienne et les \u00e9tudes. <\/p>\n","protected":false},"excerpt":{"rendered":"<p>\u00c9tudier en couple est une exp\u00e9rience unique qui n\u00e9cessite un logement adapt\u00e9. Notre studio pour couples est un espace de [&hellip;]<\/p>\n","protected":false},"featured_media":7650,"comment_status":"open","ping_status":"closed","template":"","meta":{"site-sidebar-layout":"default","site-content-layout":"","ast-site-content-layout":"default","site-content-style":"default","site-sidebar-style":"default","ast-global-header-display":"","ast-banner-title-visibility":"","ast-main-header-display":"","ast-hfb-above-header-display":"","ast-hfb-below-header-display":"","ast-hfb-mobile-header-display":"","site-post-title":"","ast-breadcrumbs-content":"","ast-featured-img":"","footer-sml-layout":"","theme-transparent-header-meta":"default","adv-header-id-meta":"","stick-header-meta":"","header-above-stick-meta":"","header-main-stick-meta":"","header-below-stick-meta":"","astra-migrate-meta-layouts":"default","ast-page-background-enabled":"default","ast-page-background-meta":{"desktop":{"background-color":"","background-image":"","background-repeat":"repeat","background-position":"center center","background-size":"auto","background-attachment":"scroll","background-type":"","background-media":"","overlay-type":"","overlay-color":"","overlay-opacity":"","overlay-gradient":""},"tablet":{"background-color":"","background-image":"","background-repeat":"repeat","background-position":"center center","background-size":"auto","background-attachment":"scroll","background-type":"","background-media":"","overlay-type":"","overlay-color":"","overlay-opacity":"","overlay-gradient":""},"mobile":{"background-color":"","background-image":"","background-repeat":"repeat","background-position":"center center","background-size":"auto","background-attachment":"scroll","background-type":"","background-media":"","overlay-type":"","overlay-color":"","overlay-opacity":"","overlay-gradient":""}},"ast-content-background-meta":{"desktop":{"background-color":"var(--ast-global-color-5)","background-image":"","background-repeat":"repeat","background-position":"center center","background-size":"auto","background-attachment":"scroll","background-type":"","background-media":"","overlay-type":"","overlay-color":"","overlay-opacity":"","overlay-gradient":""},"tablet":{"background-color":"var(--ast-global-color-5)","background-image":"","background-repeat":"repeat","background-position":"center center","background-size":"auto","background-attachment":"scroll","background-type":"","background-media":"","overlay-type":"","overlay-color":"","overlay-opacity":"","overlay-gradient":""},"mobile":{"background-color":"var(--ast-global-color-5)","background-image":"","background-repeat":"repeat","background-position":"center center","background-size":"auto","background-attachment":"scroll","background-type":"","background-media":"","overlay-type":"","overlay-color":"","overlay-opacity":"","overlay-gradient":""}}},"product_brand":[],"product_cat":[71],"product_tag":[],"class_list":{"0":"post-8188","1":"product","2":"type-product","3":"status-publish","4":"has-post-thumbnail","6":"product_cat-aucune-categorie","7":"desktop-align-center","8":"tablet-align-center","9":"mobile-align-center","11":"first","12":"instock","13":"taxable","14":"shipping-taxable","15":"purchasable","16":"product-type-simple"},"yoast_head":"<!-- This site is optimized with the Yoast SEO plugin v25.2 - https:\/\/yoast.com\/wordpress\/plugins\/seo\/ -->\n<title>Studio pour couples 5-9 mois - Next Door<\/title>\n<meta name=\"robots\" content=\"noindex, follow, max-snippet:-1, max-image-preview:large, max-video-preview:-1\" \/>\n<meta property=\"og:locale\" content=\"fr_FR\" \/>\n<meta property=\"og:type\" content=\"article\" \/>\n<meta property=\"og:title\" content=\"Studio pour couples 5-9 mois - Next Door\" \/>\n<meta property=\"og:description\" content=\"\u00c9tudier en couple est une exp\u00e9rience unique qui n\u00e9cessite un logement adapt\u00e9. Notre studio pour couples est un espace de [&hellip;]\" \/>\n<meta property=\"og:url\" content=\"https:\/\/next-door.pl\/produkt\/studio-dla-par-5-9-miesiecy\/\" \/>\n<meta property=\"og:site_name\" content=\"Next Door\" \/>\n<meta property=\"og:image\" content=\"https:\/\/next-door.pl\/wp-content\/uploads\/2025\/06\/twnst02-300x300-gigapixel-hq-scale-4_00x-1.jpg\" \/>\n\t<meta property=\"og:image:width\" content=\"1200\" \/>\n\t<meta property=\"og:image:height\" content=\"1200\" \/>\n\t<meta property=\"og:image:type\" content=\"image\/jpeg\" \/>\n<meta name=\"twitter:card\" content=\"summary_large_image\" \/>\n<script type=\"application\/ld+json\" class=\"yoast-schema-graph\">{\"@context\":\"https:\/\/schema.org\",\"@graph\":[{\"@type\":\"WebPage\",\"@id\":\"https:\/\/next-door.pl\/produkt\/studio-dla-par-5-9-miesiecy\/\",\"url\":\"https:\/\/next-door.pl\/produkt\/studio-dla-par-5-9-miesiecy\/\",\"name\":\"Studio pour couples 5-9 mois - Next Door\",\"isPartOf\":{\"@id\":\"https:\/\/next-door.pl\/#website\"},\"primaryImageOfPage\":{\"@id\":\"https:\/\/next-door.pl\/produkt\/studio-dla-par-5-9-miesiecy\/#primaryimage\"},\"image\":{\"@id\":\"https:\/\/next-door.pl\/produkt\/studio-dla-par-5-9-miesiecy\/#primaryimage\"},\"thumbnailUrl\":\"https:\/\/next-door.pl\/wp-content\/uploads\/2025\/06\/twnst02-300x300-gigapixel-hq-scale-4_00x-1.jpg\",\"datePublished\":\"2025-06-09T16:01:12+00:00\",\"breadcrumb\":{\"@id\":\"https:\/\/next-door.pl\/produkt\/studio-dla-par-5-9-miesiecy\/#breadcrumb\"},\"inLanguage\":\"fr-FR\",\"potentialAction\":[{\"@type\":\"ReadAction\",\"target\":[\"https:\/\/next-door.pl\/produkt\/studio-dla-par-5-9-miesiecy\/\"]}]},{\"@type\":\"ImageObject\",\"inLanguage\":\"fr-FR\",\"@id\":\"https:\/\/next-door.pl\/produkt\/studio-dla-par-5-9-miesiecy\/#primaryimage\",\"url\":\"https:\/\/next-door.pl\/wp-content\/uploads\/2025\/06\/twnst02-300x300-gigapixel-hq-scale-4_00x-1.jpg\",\"contentUrl\":\"https:\/\/next-door.pl\/wp-content\/uploads\/2025\/06\/twnst02-300x300-gigapixel-hq-scale-4_00x-1.jpg\",\"width\":1200,\"height\":1200},{\"@type\":\"BreadcrumbList\",\"@id\":\"https:\/\/next-door.pl\/produkt\/studio-dla-par-5-9-miesiecy\/#breadcrumb\",\"itemListElement\":[{\"@type\":\"ListItem\",\"position\":1,\"name\":\"Strona g\u0142\u00f3wna\",\"item\":\"https:\/\/next-door.pl\/fr\/maison\/\"},{\"@type\":\"ListItem\",\"position\":2,\"name\":\"Boutique\",\"item\":\"https:\/\/next-door.pl\/boutique\/\"},{\"@type\":\"ListItem\",\"position\":3,\"name\":\"Studio pour couples 5-9 mois\"}]},{\"@type\":\"WebSite\",\"@id\":\"https:\/\/next-door.pl\/#website\",\"url\":\"https:\/\/next-door.pl\/\",\"name\":\"Next Door\",\"description\":\"Student Housing\",\"publisher\":{\"@id\":\"https:\/\/next-door.pl\/#organization\"},\"potentialAction\":[{\"@type\":\"SearchAction\",\"target\":{\"@type\":\"EntryPoint\",\"urlTemplate\":\"https:\/\/next-door.pl\/?s={search_term_string}\"},\"query-input\":{\"@type\":\"PropertyValueSpecification\",\"valueRequired\":true,\"valueName\":\"search_term_string\"}}],\"inLanguage\":\"fr-FR\"},{\"@type\":\"Organization\",\"@id\":\"https:\/\/next-door.pl\/#organization\",\"name\":\"Next Door\",\"url\":\"https:\/\/next-door.pl\/\",\"logo\":{\"@type\":\"ImageObject\",\"inLanguage\":\"fr-FR\",\"@id\":\"https:\/\/next-door.pl\/#\/schema\/logo\/image\/\",\"url\":\"https:\/\/next-door.pl\/wp-content\/uploads\/2025\/06\/cropped-nextDoor_fv.png\",\"contentUrl\":\"https:\/\/next-door.pl\/wp-content\/uploads\/2025\/06\/cropped-nextDoor_fv.png\",\"width\":511,\"height\":171,\"caption\":\"Next Door\"},\"image\":{\"@id\":\"https:\/\/next-door.pl\/#\/schema\/logo\/image\/\"}}]}<\/script>\n<!-- \/ Yoast SEO plugin. -->","yoast_head_json":{"title":"Studio pour couples 5-9 mois - Next Door","robots":{"index":"noindex","follow":"follow","max-snippet":"max-snippet:-1","max-image-preview":"max-image-preview:large","max-video-preview":"max-video-preview:-1"},"og_locale":"fr_FR","og_type":"article","og_title":"Studio pour couples 5-9 mois - Next Door","og_description":"\u00c9tudier en couple est une exp\u00e9rience unique qui n\u00e9cessite un logement adapt\u00e9. Notre studio pour couples est un espace de [&hellip;]","og_url":"https:\/\/next-door.pl\/produkt\/studio-dla-par-5-9-miesiecy\/","og_site_name":"Next Door","og_image":[{"width":1200,"height":1200,"url":"https:\/\/next-door.pl\/wp-content\/uploads\/2025\/06\/twnst02-300x300-gigapixel-hq-scale-4_00x-1.jpg","type":"image\/jpeg"}],"twitter_card":"summary_large_image","schema":{"@context":"https:\/\/schema.org","@graph":[{"@type":"WebPage","@id":"https:\/\/next-door.pl\/produkt\/studio-dla-par-5-9-miesiecy\/","url":"https:\/\/next-door.pl\/produkt\/studio-dla-par-5-9-miesiecy\/","name":"Studio pour couples 5-9 mois - Next Door","isPartOf":{"@id":"https:\/\/next-door.pl\/#website"},"primaryImageOfPage":{"@id":"https:\/\/next-door.pl\/produkt\/studio-dla-par-5-9-miesiecy\/#primaryimage"},"image":{"@id":"https:\/\/next-door.pl\/produkt\/studio-dla-par-5-9-miesiecy\/#primaryimage"},"thumbnailUrl":"https:\/\/next-door.pl\/wp-content\/uploads\/2025\/06\/twnst02-300x300-gigapixel-hq-scale-4_00x-1.jpg","datePublished":"2025-06-09T16:01:12+00:00","breadcrumb":{"@id":"https:\/\/next-door.pl\/produkt\/studio-dla-par-5-9-miesiecy\/#breadcrumb"},"inLanguage":"fr-FR","potentialAction":[{"@type":"ReadAction","target":["https:\/\/next-door.pl\/produkt\/studio-dla-par-5-9-miesiecy\/"]}]},{"@type":"ImageObject","inLanguage":"fr-FR","@id":"https:\/\/next-door.pl\/produkt\/studio-dla-par-5-9-miesiecy\/#primaryimage","url":"https:\/\/next-door.pl\/wp-content\/uploads\/2025\/06\/twnst02-300x300-gigapixel-hq-scale-4_00x-1.jpg","contentUrl":"https:\/\/next-door.pl\/wp-content\/uploads\/2025\/06\/twnst02-300x300-gigapixel-hq-scale-4_00x-1.jpg","width":1200,"height":1200},{"@type":"BreadcrumbList","@id":"https:\/\/next-door.pl\/produkt\/studio-dla-par-5-9-miesiecy\/#breadcrumb","itemListElement":[{"@type":"ListItem","position":1,"name":"Strona g\u0142\u00f3wna","item":"https:\/\/next-door.pl\/fr\/maison\/"},{"@type":"ListItem","position":2,"name":"Boutique","item":"https:\/\/next-door.pl\/boutique\/"},{"@type":"ListItem","position":3,"name":"Studio pour couples 5-9 mois"}]},{"@type":"WebSite","@id":"https:\/\/next-door.pl\/#website","url":"https:\/\/next-door.pl\/","name":"Next Door","description":"Student Housing","publisher":{"@id":"https:\/\/next-door.pl\/#organization"},"potentialAction":[{"@type":"SearchAction","target":{"@type":"EntryPoint","urlTemplate":"https:\/\/next-door.pl\/?s={search_term_string}"},"query-input":{"@type":"PropertyValueSpecification","valueRequired":true,"valueName":"search_term_string"}}],"inLanguage":"fr-FR"},{"@type":"Organization","@id":"https:\/\/next-door.pl\/#organization","name":"Next Door","url":"https:\/\/next-door.pl\/","logo":{"@type":"ImageObject","inLanguage":"fr-FR","@id":"https:\/\/next-door.pl\/#\/schema\/logo\/image\/","url":"https:\/\/next-door.pl\/wp-content\/uploads\/2025\/06\/cropped-nextDoor_fv.png","contentUrl":"https:\/\/next-door.pl\/wp-content\/uploads\/2025\/06\/cropped-nextDoor_fv.png","width":511,"height":171,"caption":"Next Door"},"image":{"@id":"https:\/\/next-door.pl\/#\/schema\/logo\/image\/"}}]}},"_links":{"self":[{"href":"https:\/\/next-door.pl\/fr\/wp-json\/wp\/v2\/product\/8188","targetHints":{"allow":["GET"]}}],"collection":[{"href":"https:\/\/next-door.pl\/fr\/wp-json\/wp\/v2\/product"}],"about":[{"href":"https:\/\/next-door.pl\/fr\/wp-json\/wp\/v2\/types\/product"}],"replies":[{"embeddable":true,"href":"https:\/\/next-door.pl\/fr\/wp-json\/wp\/v2\/comments?post=8188"}],"wp:featuredmedia":[{"embeddable":true,"href":"https:\/\/next-door.pl\/fr\/wp-json\/wp\/v2\/media\/7650"}],"wp:attachment":[{"href":"https:\/\/next-door.pl\/fr\/wp-json\/wp\/v2\/media?parent=8188"}],"wp:term":[{"taxonomy":"product_brand","embeddable":true,"href":"https:\/\/next-door.pl\/fr\/wp-json\/wp\/v2\/product_brand?post=8188"},{"taxonomy":"product_cat","embeddable":true,"href":"https:\/\/next-door.pl\/fr\/wp-json\/wp\/v2\/product_cat?post=8188"},{"taxonomy":"product_tag","embeddable":true,"href":"https:\/\/next-door.pl\/fr\/wp-json\/wp\/v2\/product_tag?post=8188"}],"curies":[{"name":"wp","href":"https:\/\/api.w.org\/{rel}","templated":true}]}}