{"id":7623,"date":"2025-06-09T17:42:42","date_gmt":"2025-06-09T15:42:42","guid":{"rendered":"http:\/\/serwer126038.lh.pl\/autoinstalator\/serwer126038.lh.pl\/wordpress121106\/?post_type=product&#038;p=7623"},"modified":"2025-06-09T17:45:18","modified_gmt":"2025-06-09T15:45:18","slug":"studio-jednoosobowe-premium-5-9-miesiecy","status":"publish","type":"product","link":"https:\/\/next-door.pl\/it\/produkt\/studio-jednoosobowe-premium-5-9-miesiecy\/","title":{"rendered":"Studio Jednoosobowe Premium 5-9 Miesi\u0119cy"},"content":{"rendered":"<p>Witaj w \u015bwiecie, gdzie ka\u017cdy detal ma znaczenie, a Tw\u00f3j komfort jest absolutnym priorytetem. Nasze Studio Jednoosobowe Premium to ekskluzywna przestrze\u0144 21m\u00b2, starannie zaprojektowana dla najbardziej wymagaj\u0105cych student\u00f3w, kt\u00f3rzy nie uznaj\u0105 kompromis\u00f3w w kwestii jako\u015bci \u017cycia.<\/p>\n","protected":false},"excerpt":{"rendered":"<p>Witaj w \u015bwiecie, gdzie ka\u017cdy detal ma znaczenie, a Tw\u00f3j komfort jest absolutnym priorytetem. Nasze Studio Jednoosobowe Premium to ekskluzywna [&hellip;]<\/p>\n","protected":false},"featured_media":5978,"comment_status":"open","ping_status":"closed","template":"","meta":{"site-sidebar-layout":"default","site-content-layout":"","ast-site-content-layout":"default","site-content-style":"default","site-sidebar-style":"default","ast-global-header-display":"","ast-banner-title-visibility":"","ast-main-header-display":"","ast-hfb-above-header-display":"","ast-hfb-below-header-display":"","ast-hfb-mobile-header-display":"","site-post-title":"","ast-breadcrumbs-content":"","ast-featured-img":"","footer-sml-layout":"","theme-transparent-header-meta":"default","adv-header-id-meta":"","stick-header-meta":"","header-above-stick-meta":"","header-main-stick-meta":"","header-below-stick-meta":"","astra-migrate-meta-layouts":"set","ast-page-background-enabled":"default","ast-page-background-meta":{"desktop":{"background-color":"","background-image":"","background-repeat":"repeat","background-position":"center center","background-size":"auto","background-attachment":"scroll","background-type":"","background-media":"","overlay-type":"","overlay-color":"","overlay-opacity":"","overlay-gradient":""},"tablet":{"background-color":"","background-image":"","background-repeat":"repeat","background-position":"center center","background-size":"auto","background-attachment":"scroll","background-type":"","background-media":"","overlay-type":"","overlay-color":"","overlay-opacity":"","overlay-gradient":""},"mobile":{"background-color":"","background-image":"","background-repeat":"repeat","background-position":"center center","background-size":"auto","background-attachment":"scroll","background-type":"","background-media":"","overlay-type":"","overlay-color":"","overlay-opacity":"","overlay-gradient":""}},"ast-content-background-meta":{"desktop":{"background-color":"var(--ast-global-color-5)","background-image":"","background-repeat":"repeat","background-position":"center center","background-size":"auto","background-attachment":"scroll","background-type":"","background-media":"","overlay-type":"","overlay-color":"","overlay-opacity":"","overlay-gradient":""},"tablet":{"background-color":"var(--ast-global-color-5)","background-image":"","background-repeat":"repeat","background-position":"center center","background-size":"auto","background-attachment":"scroll","background-type":"","background-media":"","overlay-type":"","overlay-color":"","overlay-opacity":"","overlay-gradient":""},"mobile":{"background-color":"var(--ast-global-color-5)","background-image":"","background-repeat":"repeat","background-position":"center center","background-size":"auto","background-attachment":"scroll","background-type":"","background-media":"","overlay-type":"","overlay-color":"","overlay-opacity":"","overlay-gradient":""}}},"product_brand":[],"product_cat":[15],"product_tag":[],"class_list":{"0":"post-7623","1":"product","2":"type-product","3":"status-publish","4":"has-post-thumbnail","6":"product_cat-bez-kategorii","7":"desktop-align-center","8":"tablet-align-center","9":"mobile-align-center","11":"first","12":"instock","13":"taxable","14":"shipping-taxable","15":"purchasable","16":"product-type-simple"},"yoast_head":"<!-- This site is optimized with the Yoast SEO plugin v25.2 - https:\/\/yoast.com\/wordpress\/plugins\/seo\/ -->\n<title>Studio Jednoosobowe Premium 5-9 Miesi\u0119cy - Next Door<\/title>\n<meta name=\"robots\" content=\"noindex, follow, max-snippet:-1, max-image-preview:large, max-video-preview:-1\" \/>\n<meta property=\"og:locale\" content=\"it_IT\" \/>\n<meta property=\"og:type\" content=\"article\" \/>\n<meta property=\"og:title\" content=\"Studio Jednoosobowe Premium 5-9 Miesi\u0119cy - Next Door\" \/>\n<meta property=\"og:description\" content=\"Witaj w \u015bwiecie, gdzie ka\u017cdy detal ma znaczenie, a Tw\u00f3j komfort jest absolutnym priorytetem. Nasze Studio Jednoosobowe Premium to ekskluzywna [&hellip;]\" \/>\n<meta property=\"og:url\" content=\"https:\/\/next-door.pl\/produkt\/studio-jednoosobowe-premium-5-9-miesiecy\/\" \/>\n<meta property=\"og:site_name\" content=\"Next Door\" \/>\n<meta property=\"article:modified_time\" content=\"2025-06-09T15:45:18+00:00\" \/>\n<meta property=\"og:image\" content=\"https:\/\/next-door.pl\/wp-content\/uploads\/2025\/05\/1-2.jpg\" \/>\n\t<meta property=\"og:image:width\" content=\"1920\" \/>\n\t<meta property=\"og:image:height\" content=\"1280\" \/>\n\t<meta property=\"og:image:type\" content=\"image\/jpeg\" \/>\n<meta name=\"twitter:card\" content=\"summary_large_image\" \/>\n<script type=\"application\/ld+json\" class=\"yoast-schema-graph\">{\"@context\":\"https:\/\/schema.org\",\"@graph\":[{\"@type\":\"WebPage\",\"@id\":\"https:\/\/next-door.pl\/produkt\/studio-jednoosobowe-premium-5-9-miesiecy\/\",\"url\":\"https:\/\/next-door.pl\/produkt\/studio-jednoosobowe-premium-5-9-miesiecy\/\",\"name\":\"Studio Jednoosobowe Premium 5-9 Miesi\u0119cy - Next Door\",\"isPartOf\":{\"@id\":\"https:\/\/next-door.pl\/#website\"},\"primaryImageOfPage\":{\"@id\":\"https:\/\/next-door.pl\/produkt\/studio-jednoosobowe-premium-5-9-miesiecy\/#primaryimage\"},\"image\":{\"@id\":\"https:\/\/next-door.pl\/produkt\/studio-jednoosobowe-premium-5-9-miesiecy\/#primaryimage\"},\"thumbnailUrl\":\"https:\/\/next-door.pl\/wp-content\/uploads\/2025\/05\/1-2.jpg\",\"datePublished\":\"2025-06-09T15:42:42+00:00\",\"dateModified\":\"2025-06-09T15:45:18+00:00\",\"breadcrumb\":{\"@id\":\"https:\/\/next-door.pl\/produkt\/studio-jednoosobowe-premium-5-9-miesiecy\/#breadcrumb\"},\"inLanguage\":\"it-IT\",\"potentialAction\":[{\"@type\":\"ReadAction\",\"target\":[\"https:\/\/next-door.pl\/produkt\/studio-jednoosobowe-premium-5-9-miesiecy\/\"]}]},{\"@type\":\"ImageObject\",\"inLanguage\":\"it-IT\",\"@id\":\"https:\/\/next-door.pl\/produkt\/studio-jednoosobowe-premium-5-9-miesiecy\/#primaryimage\",\"url\":\"https:\/\/next-door.pl\/wp-content\/uploads\/2025\/05\/1-2.jpg\",\"contentUrl\":\"https:\/\/next-door.pl\/wp-content\/uploads\/2025\/05\/1-2.jpg\",\"width\":1920,\"height\":1280},{\"@type\":\"BreadcrumbList\",\"@id\":\"https:\/\/next-door.pl\/produkt\/studio-jednoosobowe-premium-5-9-miesiecy\/#breadcrumb\",\"itemListElement\":[{\"@type\":\"ListItem\",\"position\":1,\"name\":\"Strona g\u0142\u00f3wna\",\"item\":\"https:\/\/next-door.pl\/\"},{\"@type\":\"ListItem\",\"position\":2,\"name\":\"Negozio\",\"item\":\"https:\/\/next-door.pl\/negozio\/\"},{\"@type\":\"ListItem\",\"position\":3,\"name\":\"Studio Jednoosobowe Premium 5-9 Miesi\u0119cy\"}]},{\"@type\":\"WebSite\",\"@id\":\"https:\/\/next-door.pl\/#website\",\"url\":\"https:\/\/next-door.pl\/\",\"name\":\"Next Door\",\"description\":\"Student Housing\",\"publisher\":{\"@id\":\"https:\/\/next-door.pl\/#organization\"},\"potentialAction\":[{\"@type\":\"SearchAction\",\"target\":{\"@type\":\"EntryPoint\",\"urlTemplate\":\"https:\/\/next-door.pl\/?s={search_term_string}\"},\"query-input\":{\"@type\":\"PropertyValueSpecification\",\"valueRequired\":true,\"valueName\":\"search_term_string\"}}],\"inLanguage\":\"it-IT\"},{\"@type\":\"Organization\",\"@id\":\"https:\/\/next-door.pl\/#organization\",\"name\":\"Next Door\",\"url\":\"https:\/\/next-door.pl\/\",\"logo\":{\"@type\":\"ImageObject\",\"inLanguage\":\"it-IT\",\"@id\":\"https:\/\/next-door.pl\/#\/schema\/logo\/image\/\",\"url\":\"https:\/\/next-door.pl\/wp-content\/uploads\/2025\/06\/cropped-nextDoor_fv.png\",\"contentUrl\":\"https:\/\/next-door.pl\/wp-content\/uploads\/2025\/06\/cropped-nextDoor_fv.png\",\"width\":511,\"height\":171,\"caption\":\"Next Door\"},\"image\":{\"@id\":\"https:\/\/next-door.pl\/#\/schema\/logo\/image\/\"}}]}<\/script>\n<!-- \/ Yoast SEO plugin. -->","yoast_head_json":{"title":"Studio Jednoosobowe Premium 5-9 Miesi\u0119cy - Next Door","robots":{"index":"noindex","follow":"follow","max-snippet":"max-snippet:-1","max-image-preview":"max-image-preview:large","max-video-preview":"max-video-preview:-1"},"og_locale":"it_IT","og_type":"article","og_title":"Studio Jednoosobowe Premium 5-9 Miesi\u0119cy - Next Door","og_description":"Witaj w \u015bwiecie, gdzie ka\u017cdy detal ma znaczenie, a Tw\u00f3j komfort jest absolutnym priorytetem. Nasze Studio Jednoosobowe Premium to ekskluzywna [&hellip;]","og_url":"https:\/\/next-door.pl\/produkt\/studio-jednoosobowe-premium-5-9-miesiecy\/","og_site_name":"Next Door","article_modified_time":"2025-06-09T15:45:18+00:00","og_image":[{"width":1920,"height":1280,"url":"https:\/\/next-door.pl\/wp-content\/uploads\/2025\/05\/1-2.jpg","type":"image\/jpeg"}],"twitter_card":"summary_large_image","schema":{"@context":"https:\/\/schema.org","@graph":[{"@type":"WebPage","@id":"https:\/\/next-door.pl\/produkt\/studio-jednoosobowe-premium-5-9-miesiecy\/","url":"https:\/\/next-door.pl\/produkt\/studio-jednoosobowe-premium-5-9-miesiecy\/","name":"Studio Jednoosobowe Premium 5-9 Miesi\u0119cy - Next Door","isPartOf":{"@id":"https:\/\/next-door.pl\/#website"},"primaryImageOfPage":{"@id":"https:\/\/next-door.pl\/produkt\/studio-jednoosobowe-premium-5-9-miesiecy\/#primaryimage"},"image":{"@id":"https:\/\/next-door.pl\/produkt\/studio-jednoosobowe-premium-5-9-miesiecy\/#primaryimage"},"thumbnailUrl":"https:\/\/next-door.pl\/wp-content\/uploads\/2025\/05\/1-2.jpg","datePublished":"2025-06-09T15:42:42+00:00","dateModified":"2025-06-09T15:45:18+00:00","breadcrumb":{"@id":"https:\/\/next-door.pl\/produkt\/studio-jednoosobowe-premium-5-9-miesiecy\/#breadcrumb"},"inLanguage":"it-IT","potentialAction":[{"@type":"ReadAction","target":["https:\/\/next-door.pl\/produkt\/studio-jednoosobowe-premium-5-9-miesiecy\/"]}]},{"@type":"ImageObject","inLanguage":"it-IT","@id":"https:\/\/next-door.pl\/produkt\/studio-jednoosobowe-premium-5-9-miesiecy\/#primaryimage","url":"https:\/\/next-door.pl\/wp-content\/uploads\/2025\/05\/1-2.jpg","contentUrl":"https:\/\/next-door.pl\/wp-content\/uploads\/2025\/05\/1-2.jpg","width":1920,"height":1280},{"@type":"BreadcrumbList","@id":"https:\/\/next-door.pl\/produkt\/studio-jednoosobowe-premium-5-9-miesiecy\/#breadcrumb","itemListElement":[{"@type":"ListItem","position":1,"name":"Strona g\u0142\u00f3wna","item":"https:\/\/next-door.pl\/"},{"@type":"ListItem","position":2,"name":"Negozio","item":"https:\/\/next-door.pl\/negozio\/"},{"@type":"ListItem","position":3,"name":"Studio Jednoosobowe Premium 5-9 Miesi\u0119cy"}]},{"@type":"WebSite","@id":"https:\/\/next-door.pl\/#website","url":"https:\/\/next-door.pl\/","name":"Next Door","description":"Student Housing","publisher":{"@id":"https:\/\/next-door.pl\/#organization"},"potentialAction":[{"@type":"SearchAction","target":{"@type":"EntryPoint","urlTemplate":"https:\/\/next-door.pl\/?s={search_term_string}"},"query-input":{"@type":"PropertyValueSpecification","valueRequired":true,"valueName":"search_term_string"}}],"inLanguage":"it-IT"},{"@type":"Organization","@id":"https:\/\/next-door.pl\/#organization","name":"Next Door","url":"https:\/\/next-door.pl\/","logo":{"@type":"ImageObject","inLanguage":"it-IT","@id":"https:\/\/next-door.pl\/#\/schema\/logo\/image\/","url":"https:\/\/next-door.pl\/wp-content\/uploads\/2025\/06\/cropped-nextDoor_fv.png","contentUrl":"https:\/\/next-door.pl\/wp-content\/uploads\/2025\/06\/cropped-nextDoor_fv.png","width":511,"height":171,"caption":"Next Door"},"image":{"@id":"https:\/\/next-door.pl\/#\/schema\/logo\/image\/"}}]}},"_links":{"self":[{"href":"https:\/\/next-door.pl\/it\/wp-json\/wp\/v2\/product\/7623","targetHints":{"allow":["GET"]}}],"collection":[{"href":"https:\/\/next-door.pl\/it\/wp-json\/wp\/v2\/product"}],"about":[{"href":"https:\/\/next-door.pl\/it\/wp-json\/wp\/v2\/types\/product"}],"replies":[{"embeddable":true,"href":"https:\/\/next-door.pl\/it\/wp-json\/wp\/v2\/comments?post=7623"}],"wp:featuredmedia":[{"embeddable":true,"href":"https:\/\/next-door.pl\/it\/wp-json\/wp\/v2\/media\/5978"}],"wp:attachment":[{"href":"https:\/\/next-door.pl\/it\/wp-json\/wp\/v2\/media?parent=7623"}],"wp:term":[{"taxonomy":"product_brand","embeddable":true,"href":"https:\/\/next-door.pl\/it\/wp-json\/wp\/v2\/product_brand?post=7623"},{"taxonomy":"product_cat","embeddable":true,"href":"https:\/\/next-door.pl\/it\/wp-json\/wp\/v2\/product_cat?post=7623"},{"taxonomy":"product_tag","embeddable":true,"href":"https:\/\/next-door.pl\/it\/wp-json\/wp\/v2\/product_tag?post=7623"}],"curies":[{"name":"wp","href":"https:\/\/api.w.org\/{rel}","templated":true}]}}