{"id":7645,"date":"2025-06-09T17:59:17","date_gmt":"2025-06-09T15:59:17","guid":{"rendered":"http:\/\/serwer126038.lh.pl\/autoinstalator\/serwer126038.lh.pl\/wordpress121106\/?post_type=product&#038;p=7645"},"modified":"2025-06-09T17:59:39","modified_gmt":"2025-06-09T15:59:39","slug":"studio-dwuosobowe-extra-5-9-miesiecy","status":"publish","type":"product","link":"https:\/\/next-door.pl\/it\/produkt\/studio-dwuosobowe-extra-5-9-miesiecy\/","title":{"rendered":"Studio Dwuosobowe Extra 5-9 Miesi\u0119cy"},"content":{"rendered":"<p>Wyobra\u017a sobie miejsce, gdzie komfort spotyka si\u0119 z funkcjonalno\u015bci\u0105, a nowoczesny design z praktycznymi rozwi\u0105zaniami. Nasze przestronne 28m\u00b2 Studio Dwuosobowe Extra to kwintesencja studenckiego luksusu, gdzie ka\u017cdy detal zosta\u0142 starannie przemy\u015blany, by wspiera\u0107 Tw\u00f3j akademicki sukces i zapewni\u0107 idealn\u0105 r\u00f3wnowag\u0119 mi\u0119dzy nauk\u0105 a odpoczynkiem.<\/p>\n","protected":false},"excerpt":{"rendered":"<p>Wyobra\u017a sobie miejsce, gdzie komfort spotyka si\u0119 z funkcjonalno\u015bci\u0105, a nowoczesny design z praktycznymi rozwi\u0105zaniami. Nasze przestronne 28m\u00b2 Studio Dwuosobowe [&hellip;]<\/p>\n","protected":false},"featured_media":7637,"comment_status":"open","ping_status":"closed","template":"","meta":{"site-sidebar-layout":"default","site-content-layout":"","ast-site-content-layout":"default","site-content-style":"default","site-sidebar-style":"default","ast-global-header-display":"","ast-banner-title-visibility":"","ast-main-header-display":"","ast-hfb-above-header-display":"","ast-hfb-below-header-display":"","ast-hfb-mobile-header-display":"","site-post-title":"","ast-breadcrumbs-content":"","ast-featured-img":"","footer-sml-layout":"","theme-transparent-header-meta":"default","adv-header-id-meta":"","stick-header-meta":"","header-above-stick-meta":"","header-main-stick-meta":"","header-below-stick-meta":"","astra-migrate-meta-layouts":"set","ast-page-background-enabled":"default","ast-page-background-meta":{"desktop":{"background-color":"","background-image":"","background-repeat":"repeat","background-position":"center center","background-size":"auto","background-attachment":"scroll","background-type":"","background-media":"","overlay-type":"","overlay-color":"","overlay-opacity":"","overlay-gradient":""},"tablet":{"background-color":"","background-image":"","background-repeat":"repeat","background-position":"center center","background-size":"auto","background-attachment":"scroll","background-type":"","background-media":"","overlay-type":"","overlay-color":"","overlay-opacity":"","overlay-gradient":""},"mobile":{"background-color":"","background-image":"","background-repeat":"repeat","background-position":"center center","background-size":"auto","background-attachment":"scroll","background-type":"","background-media":"","overlay-type":"","overlay-color":"","overlay-opacity":"","overlay-gradient":""}},"ast-content-background-meta":{"desktop":{"background-color":"var(--ast-global-color-5)","background-image":"","background-repeat":"repeat","background-position":"center center","background-size":"auto","background-attachment":"scroll","background-type":"","background-media":"","overlay-type":"","overlay-color":"","overlay-opacity":"","overlay-gradient":""},"tablet":{"background-color":"var(--ast-global-color-5)","background-image":"","background-repeat":"repeat","background-position":"center center","background-size":"auto","background-attachment":"scroll","background-type":"","background-media":"","overlay-type":"","overlay-color":"","overlay-opacity":"","overlay-gradient":""},"mobile":{"background-color":"var(--ast-global-color-5)","background-image":"","background-repeat":"repeat","background-position":"center center","background-size":"auto","background-attachment":"scroll","background-type":"","background-media":"","overlay-type":"","overlay-color":"","overlay-opacity":"","overlay-gradient":""}}},"product_brand":[],"product_cat":[15],"product_tag":[],"class_list":{"0":"post-7645","1":"product","2":"type-product","3":"status-publish","4":"has-post-thumbnail","6":"product_cat-bez-kategorii","7":"desktop-align-center","8":"tablet-align-center","9":"mobile-align-center","11":"first","12":"instock","13":"taxable","14":"shipping-taxable","15":"purchasable","16":"product-type-simple"},"yoast_head":"<!-- This site is optimized with the Yoast SEO plugin v25.2 - https:\/\/yoast.com\/wordpress\/plugins\/seo\/ -->\n<title>Studio Dwuosobowe Extra 5-9 Miesi\u0119cy - Next Door<\/title>\n<meta name=\"robots\" content=\"noindex, follow, max-snippet:-1, max-image-preview:large, max-video-preview:-1\" \/>\n<meta property=\"og:locale\" content=\"it_IT\" \/>\n<meta property=\"og:type\" content=\"article\" \/>\n<meta property=\"og:title\" content=\"Studio Dwuosobowe Extra 5-9 Miesi\u0119cy - Next Door\" \/>\n<meta property=\"og:description\" content=\"Wyobra\u017a sobie miejsce, gdzie komfort spotyka si\u0119 z funkcjonalno\u015bci\u0105, a nowoczesny design z praktycznymi rozwi\u0105zaniami. Nasze przestronne 28m\u00b2 Studio Dwuosobowe [&hellip;]\" \/>\n<meta property=\"og:url\" content=\"https:\/\/next-door.pl\/produkt\/studio-dwuosobowe-extra-5-9-miesiecy\/\" \/>\n<meta property=\"og:site_name\" content=\"Next Door\" \/>\n<meta property=\"article:modified_time\" content=\"2025-06-09T15:59:39+00:00\" \/>\n<meta property=\"og:image\" content=\"https:\/\/next-door.pl\/wp-content\/uploads\/2025\/06\/IMG_2175-EditPP-300x300-1.jpg\" \/>\n\t<meta property=\"og:image:width\" content=\"300\" \/>\n\t<meta property=\"og:image:height\" content=\"300\" \/>\n\t<meta property=\"og:image:type\" content=\"image\/jpeg\" \/>\n<meta name=\"twitter:card\" content=\"summary_large_image\" \/>\n<script type=\"application\/ld+json\" class=\"yoast-schema-graph\">{\"@context\":\"https:\/\/schema.org\",\"@graph\":[{\"@type\":\"WebPage\",\"@id\":\"https:\/\/next-door.pl\/produkt\/studio-dwuosobowe-extra-5-9-miesiecy\/\",\"url\":\"https:\/\/next-door.pl\/produkt\/studio-dwuosobowe-extra-5-9-miesiecy\/\",\"name\":\"Studio Dwuosobowe Extra 5-9 Miesi\u0119cy - Next Door\",\"isPartOf\":{\"@id\":\"https:\/\/next-door.pl\/#website\"},\"primaryImageOfPage\":{\"@id\":\"https:\/\/next-door.pl\/produkt\/studio-dwuosobowe-extra-5-9-miesiecy\/#primaryimage\"},\"image\":{\"@id\":\"https:\/\/next-door.pl\/produkt\/studio-dwuosobowe-extra-5-9-miesiecy\/#primaryimage\"},\"thumbnailUrl\":\"https:\/\/next-door.pl\/wp-content\/uploads\/2025\/06\/IMG_2175-EditPP-300x300-1.jpg\",\"datePublished\":\"2025-06-09T15:59:17+00:00\",\"dateModified\":\"2025-06-09T15:59:39+00:00\",\"breadcrumb\":{\"@id\":\"https:\/\/next-door.pl\/produkt\/studio-dwuosobowe-extra-5-9-miesiecy\/#breadcrumb\"},\"inLanguage\":\"it-IT\",\"potentialAction\":[{\"@type\":\"ReadAction\",\"target\":[\"https:\/\/next-door.pl\/produkt\/studio-dwuosobowe-extra-5-9-miesiecy\/\"]}]},{\"@type\":\"ImageObject\",\"inLanguage\":\"it-IT\",\"@id\":\"https:\/\/next-door.pl\/produkt\/studio-dwuosobowe-extra-5-9-miesiecy\/#primaryimage\",\"url\":\"https:\/\/next-door.pl\/wp-content\/uploads\/2025\/06\/IMG_2175-EditPP-300x300-1.jpg\",\"contentUrl\":\"https:\/\/next-door.pl\/wp-content\/uploads\/2025\/06\/IMG_2175-EditPP-300x300-1.jpg\",\"width\":300,\"height\":300},{\"@type\":\"BreadcrumbList\",\"@id\":\"https:\/\/next-door.pl\/produkt\/studio-dwuosobowe-extra-5-9-miesiecy\/#breadcrumb\",\"itemListElement\":[{\"@type\":\"ListItem\",\"position\":1,\"name\":\"Strona g\u0142\u00f3wna\",\"item\":\"https:\/\/next-door.pl\/\"},{\"@type\":\"ListItem\",\"position\":2,\"name\":\"Negozio\",\"item\":\"https:\/\/next-door.pl\/negozio\/\"},{\"@type\":\"ListItem\",\"position\":3,\"name\":\"Studio Dwuosobowe Extra 5-9 Miesi\u0119cy\"}]},{\"@type\":\"WebSite\",\"@id\":\"https:\/\/next-door.pl\/#website\",\"url\":\"https:\/\/next-door.pl\/\",\"name\":\"Next Door\",\"description\":\"Student Housing\",\"publisher\":{\"@id\":\"https:\/\/next-door.pl\/#organization\"},\"potentialAction\":[{\"@type\":\"SearchAction\",\"target\":{\"@type\":\"EntryPoint\",\"urlTemplate\":\"https:\/\/next-door.pl\/?s={search_term_string}\"},\"query-input\":{\"@type\":\"PropertyValueSpecification\",\"valueRequired\":true,\"valueName\":\"search_term_string\"}}],\"inLanguage\":\"it-IT\"},{\"@type\":\"Organization\",\"@id\":\"https:\/\/next-door.pl\/#organization\",\"name\":\"Next Door\",\"url\":\"https:\/\/next-door.pl\/\",\"logo\":{\"@type\":\"ImageObject\",\"inLanguage\":\"it-IT\",\"@id\":\"https:\/\/next-door.pl\/#\/schema\/logo\/image\/\",\"url\":\"https:\/\/next-door.pl\/wp-content\/uploads\/2025\/06\/cropped-nextDoor_fv.png\",\"contentUrl\":\"https:\/\/next-door.pl\/wp-content\/uploads\/2025\/06\/cropped-nextDoor_fv.png\",\"width\":511,\"height\":171,\"caption\":\"Next Door\"},\"image\":{\"@id\":\"https:\/\/next-door.pl\/#\/schema\/logo\/image\/\"}}]}<\/script>\n<!-- \/ Yoast SEO plugin. -->","yoast_head_json":{"title":"Studio Dwuosobowe Extra 5-9 Miesi\u0119cy - Next Door","robots":{"index":"noindex","follow":"follow","max-snippet":"max-snippet:-1","max-image-preview":"max-image-preview:large","max-video-preview":"max-video-preview:-1"},"og_locale":"it_IT","og_type":"article","og_title":"Studio Dwuosobowe Extra 5-9 Miesi\u0119cy - Next Door","og_description":"Wyobra\u017a sobie miejsce, gdzie komfort spotyka si\u0119 z funkcjonalno\u015bci\u0105, a nowoczesny design z praktycznymi rozwi\u0105zaniami. Nasze przestronne 28m\u00b2 Studio Dwuosobowe [&hellip;]","og_url":"https:\/\/next-door.pl\/produkt\/studio-dwuosobowe-extra-5-9-miesiecy\/","og_site_name":"Next Door","article_modified_time":"2025-06-09T15:59:39+00:00","og_image":[{"width":300,"height":300,"url":"https:\/\/next-door.pl\/wp-content\/uploads\/2025\/06\/IMG_2175-EditPP-300x300-1.jpg","type":"image\/jpeg"}],"twitter_card":"summary_large_image","schema":{"@context":"https:\/\/schema.org","@graph":[{"@type":"WebPage","@id":"https:\/\/next-door.pl\/produkt\/studio-dwuosobowe-extra-5-9-miesiecy\/","url":"https:\/\/next-door.pl\/produkt\/studio-dwuosobowe-extra-5-9-miesiecy\/","name":"Studio Dwuosobowe Extra 5-9 Miesi\u0119cy - Next Door","isPartOf":{"@id":"https:\/\/next-door.pl\/#website"},"primaryImageOfPage":{"@id":"https:\/\/next-door.pl\/produkt\/studio-dwuosobowe-extra-5-9-miesiecy\/#primaryimage"},"image":{"@id":"https:\/\/next-door.pl\/produkt\/studio-dwuosobowe-extra-5-9-miesiecy\/#primaryimage"},"thumbnailUrl":"https:\/\/next-door.pl\/wp-content\/uploads\/2025\/06\/IMG_2175-EditPP-300x300-1.jpg","datePublished":"2025-06-09T15:59:17+00:00","dateModified":"2025-06-09T15:59:39+00:00","breadcrumb":{"@id":"https:\/\/next-door.pl\/produkt\/studio-dwuosobowe-extra-5-9-miesiecy\/#breadcrumb"},"inLanguage":"it-IT","potentialAction":[{"@type":"ReadAction","target":["https:\/\/next-door.pl\/produkt\/studio-dwuosobowe-extra-5-9-miesiecy\/"]}]},{"@type":"ImageObject","inLanguage":"it-IT","@id":"https:\/\/next-door.pl\/produkt\/studio-dwuosobowe-extra-5-9-miesiecy\/#primaryimage","url":"https:\/\/next-door.pl\/wp-content\/uploads\/2025\/06\/IMG_2175-EditPP-300x300-1.jpg","contentUrl":"https:\/\/next-door.pl\/wp-content\/uploads\/2025\/06\/IMG_2175-EditPP-300x300-1.jpg","width":300,"height":300},{"@type":"BreadcrumbList","@id":"https:\/\/next-door.pl\/produkt\/studio-dwuosobowe-extra-5-9-miesiecy\/#breadcrumb","itemListElement":[{"@type":"ListItem","position":1,"name":"Strona g\u0142\u00f3wna","item":"https:\/\/next-door.pl\/"},{"@type":"ListItem","position":2,"name":"Negozio","item":"https:\/\/next-door.pl\/negozio\/"},{"@type":"ListItem","position":3,"name":"Studio Dwuosobowe Extra 5-9 Miesi\u0119cy"}]},{"@type":"WebSite","@id":"https:\/\/next-door.pl\/#website","url":"https:\/\/next-door.pl\/","name":"Next Door","description":"Student Housing","publisher":{"@id":"https:\/\/next-door.pl\/#organization"},"potentialAction":[{"@type":"SearchAction","target":{"@type":"EntryPoint","urlTemplate":"https:\/\/next-door.pl\/?s={search_term_string}"},"query-input":{"@type":"PropertyValueSpecification","valueRequired":true,"valueName":"search_term_string"}}],"inLanguage":"it-IT"},{"@type":"Organization","@id":"https:\/\/next-door.pl\/#organization","name":"Next Door","url":"https:\/\/next-door.pl\/","logo":{"@type":"ImageObject","inLanguage":"it-IT","@id":"https:\/\/next-door.pl\/#\/schema\/logo\/image\/","url":"https:\/\/next-door.pl\/wp-content\/uploads\/2025\/06\/cropped-nextDoor_fv.png","contentUrl":"https:\/\/next-door.pl\/wp-content\/uploads\/2025\/06\/cropped-nextDoor_fv.png","width":511,"height":171,"caption":"Next Door"},"image":{"@id":"https:\/\/next-door.pl\/#\/schema\/logo\/image\/"}}]}},"_links":{"self":[{"href":"https:\/\/next-door.pl\/it\/wp-json\/wp\/v2\/product\/7645","targetHints":{"allow":["GET"]}}],"collection":[{"href":"https:\/\/next-door.pl\/it\/wp-json\/wp\/v2\/product"}],"about":[{"href":"https:\/\/next-door.pl\/it\/wp-json\/wp\/v2\/types\/product"}],"replies":[{"embeddable":true,"href":"https:\/\/next-door.pl\/it\/wp-json\/wp\/v2\/comments?post=7645"}],"wp:featuredmedia":[{"embeddable":true,"href":"https:\/\/next-door.pl\/it\/wp-json\/wp\/v2\/media\/7637"}],"wp:attachment":[{"href":"https:\/\/next-door.pl\/it\/wp-json\/wp\/v2\/media?parent=7645"}],"wp:term":[{"taxonomy":"product_brand","embeddable":true,"href":"https:\/\/next-door.pl\/it\/wp-json\/wp\/v2\/product_brand?post=7645"},{"taxonomy":"product_cat","embeddable":true,"href":"https:\/\/next-door.pl\/it\/wp-json\/wp\/v2\/product_cat?post=7645"},{"taxonomy":"product_tag","embeddable":true,"href":"https:\/\/next-door.pl\/it\/wp-json\/wp\/v2\/product_tag?post=7645"}],"curies":[{"name":"wp","href":"https:\/\/api.w.org\/{rel}","templated":true}]}}